{"id":16,"date":"2021-04-13T17:04:19","date_gmt":"2021-04-13T17:04:19","guid":{"rendered":"http:\/\/www.martin-properties.com\/microsite\/propiedades\/?page_id=16"},"modified":"2021-04-15T05:58:49","modified_gmt":"2021-04-15T05:58:49","slug":"terms-conditions","status":"publish","type":"page","link":"http:\/\/www.martin-properties.com\/microsite\/propiedades\/en\/terms-conditions\/","title":{"rendered":"Terms &#038; Conditions"},"content":{"rendered":"\n<p><strong>INFORMACI\u00d3N RELEVANTE<\/strong><\/p>\n\n\n\n<p>Es requisito necesario para la adquisici\u00f3n de los productos que se ofrecen en este sitio, que lea y acepte los siguientes T\u00e9rminos y Condiciones que a continuaci\u00f3n se redactan. El uso de nuestros servicios as\u00ed como la compra de nuestros productos implicar\u00e1 que usted ha le\u00eddo y aceptado los T\u00e9rminos y Condiciones de Uso en el presente documento. Todas los productos &nbsp;que son ofrecidos por nuestro sitio web pudieran ser creadas, cobradas, enviadas o presentadas por una p\u00e1gina web tercera y en tal caso estar\u00edan sujetas a sus propios T\u00e9rminos y Condiciones. En algunos casos, para adquirir un producto, ser\u00e1 necesario el registro por parte del usuario, con ingreso de datos personales fidedignos y definici\u00f3n de una contrase\u00f1a.<\/p>\n\n\n\n<p>El usuario puede elegir y cambiar la clave para su acceso de administraci\u00f3n de la cuenta en cualquier momento, en caso de que se haya registrado y que sea necesario para la compra de alguno de nuestros productos.&nbsp;<strong><\/strong>&nbsp;no asume la responsabilidad en caso de que entregue dicha clave a terceros.<\/p>\n\n\n\n<p>Todas las compras y transacciones que se lleven a cabo por medio de este sitio web, est\u00e1n sujetas a un proceso de confirmaci\u00f3n y verificaci\u00f3n, el cual podr\u00eda incluir la verificaci\u00f3n del stock y disponibilidad de producto, validaci\u00f3n de la forma de pago, validaci\u00f3n de la factura (en caso de existir) y el cumplimiento de las condiciones requeridas por el medio de pago seleccionado. En algunos casos puede que se requiera una verificaci\u00f3n por medio de correo electr\u00f3nico.<\/p>\n\n\n\n<p>Los precios de los productos ofrecidos en esta Tienda Online es v\u00e1lido solamente en las compras realizadas en este sitio web.<\/p>\n\n\n\n<p><strong>LICENCIA<\/strong><\/p>\n\n\n\n<p><strong><\/strong>&nbsp; a trav\u00e9s de su sitio web concede una licencia para que los usuarios utilicen&nbsp; los productos que son vendidos en este sitio web de acuerdo a los T\u00e9rminos y Condiciones que se describen en este documento.<\/p>\n\n\n\n<p><strong>USO NO AUTORIZADO<\/strong><\/p>\n\n\n\n<p>En caso de que aplique (para venta de software, templetes, u otro producto de dise\u00f1o y programaci\u00f3n) usted no puede colocar uno de nuestros productos, modificado o sin modificar, en un CD, sitio web o ning\u00fan otro medio y ofrecerlos para la redistribuci\u00f3n o la reventa de ning\u00fan tipo.<\/p>\n\n\n\n<p><strong>PROPIEDAD<\/strong><\/p>\n\n\n\n<p>Usted no puede declarar propiedad intelectual o exclusiva a ninguno de nuestros productos, modificado o sin modificar. Todos los productos son propiedad &nbsp;de los proveedores del contenido. En caso de que no se especifique lo contrario, nuestros productos se proporcionan&nbsp; sin ning\u00fan tipo de garant\u00eda, expresa o impl\u00edcita. En ning\u00fan esta compa\u00f1\u00eda ser\u00e1 &nbsp;responsables de ning\u00fan da\u00f1o incluyendo, pero no limitado a, da\u00f1os directos, indirectos, especiales, fortuitos o consecuentes u otras p\u00e9rdidas resultantes del uso o de la imposibilidad de utilizar nuestros productos.<\/p>\n\n\n\n<p><strong>POL\u00cdTICA DE REEMBOLSO Y GARANT\u00cdA<\/strong><\/p>\n\n\n\n<p>En el caso de productos que sean&nbsp; mercanc\u00edas irrevocables no-tangibles, no realizamos reembolsos despu\u00e9s de que se env\u00ede el producto, usted tiene la responsabilidad de entender antes de comprarlo. &nbsp;Le pedimos que lea cuidadosamente antes de comprarlo. Hacemos solamente excepciones con esta regla cuando la descripci\u00f3n no se ajusta al producto. Hay algunos productos que pudieran tener garant\u00eda y posibilidad de reembolso pero este ser\u00e1 especificado al comprar el producto. En tales casos la garant\u00eda solo cubrir\u00e1 fallas de f\u00e1brica y s\u00f3lo se har\u00e1 efectiva cuando el producto se haya usado correctamente. La garant\u00eda no cubre aver\u00edas o da\u00f1os ocasionados por uso indebido. Los t\u00e9rminos de la garant\u00eda est\u00e1n asociados a fallas de fabricaci\u00f3n y funcionamiento en condiciones normales de los productos y s\u00f3lo se har\u00e1n efectivos estos t\u00e9rminos si el equipo ha sido usado correctamente. Esto incluye:<\/p>\n\n\n\n<p>\u2013 De acuerdo a las especificaciones t\u00e9cnicas indicadas para cada producto.<br>\u2013 En condiciones ambientales acorde con las especificaciones indicadas por el fabricante.<br>\u2013 En uso espec\u00edfico para la funci\u00f3n con que fue dise\u00f1ado de f\u00e1brica.<br>\u2013 En condiciones de operaci\u00f3n el\u00e9ctricas acorde con las especificaciones y tolerancias indicadas.<\/p>\n\n\n\n<p><strong>COMPROBACI\u00d3N ANTIFRAUDE<\/strong><\/p>\n\n\n\n<p>La compra del cliente puede ser aplazada para la comprobaci\u00f3n antifraude. Tambi\u00e9n puede ser suspendida por m\u00e1s tiempo para una investigaci\u00f3n m\u00e1s rigurosa, para evitar transacciones fraudulentas.<\/p>\n\n\n\n<p><strong>PRIVACIDAD<\/strong><\/p>\n\n\n\n<p>Este&nbsp;<strong><\/strong>&nbsp;garantiza que la&nbsp;<a href=\"https:\/\/noticiasatleticodemadrid.es\/\" target=\"_blank\" rel=\"noreferrer noopener\">atletico de madrid noticias<\/a>&nbsp;informaci\u00f3n personal que usted env\u00eda cuenta con la seguridad necesaria. Los datos ingresados por usuario o en el caso de requerir una validaci\u00f3n de los pedidos no ser\u00e1n entregados a terceros, salvo que deba ser revelada en cumplimiento a una orden judicial o requerimientos legales.<\/p>\n\n\n\n<p>La suscripci\u00f3n a boletines de correos electr\u00f3nicos publicitarios es voluntaria y podr\u00eda ser seleccionada al momento de crear su cuenta.<\/p>\n\n\n\n<p><strong><\/strong>&nbsp;reserva los derechos de cambiar o de modificar estos t\u00e9rminos sin previo aviso.<\/p>\n\n\n\n<p>Estas terminos y condiciones&nbsp;se han&nbsp;generado en&nbsp;<a href=\"http:\/\/terminosycondicionesdeusoejemplo.com\/\" target=\"_blank\" rel=\"noreferrer noopener\">terminosycondicionesdeusoejemplo.com<\/a>.<\/p>\n","protected":false},"excerpt":{"rendered":"<p>INFORMACI\u00d3N RELEVANTE Es requisito necesario para la adquisici\u00f3n de los productos que se ofrecen en este sitio, que lea y acepte los siguientes T\u00e9rminos y Condiciones que a continuaci\u00f3n se redactan. El uso de nuestros servicios as\u00ed como la compra de nuestros productos implicar\u00e1 que usted ha le\u00eddo y aceptado los T\u00e9rminos y Condiciones de [&hellip;]<\/p>\n","protected":false},"author":1,"featured_media":87,"parent":0,"menu_order":0,"comment_status":"closed","ping_status":"closed","template":"","meta":{"footnotes":""},"class_list":["post-16","page","type-page","status-publish","has-post-thumbnail","hentry"],"_links":{"self":[{"href":"http:\/\/www.martin-properties.com\/microsite\/propiedades\/en\/wp-json\/wp\/v2\/pages\/16","targetHints":{"allow":["GET"]}}],"collection":[{"href":"http:\/\/www.martin-properties.com\/microsite\/propiedades\/en\/wp-json\/wp\/v2\/pages"}],"about":[{"href":"http:\/\/www.martin-properties.com\/microsite\/propiedades\/en\/wp-json\/wp\/v2\/types\/page"}],"author":[{"embeddable":true,"href":"http:\/\/www.martin-properties.com\/microsite\/propiedades\/en\/wp-json\/wp\/v2\/users\/1"}],"replies":[{"embeddable":true,"href":"http:\/\/www.martin-properties.com\/microsite\/propiedades\/en\/wp-json\/wp\/v2\/comments?post=16"}],"version-history":[{"count":2,"href":"http:\/\/www.martin-properties.com\/microsite\/propiedades\/en\/wp-json\/wp\/v2\/pages\/16\/revisions"}],"predecessor-version":[{"id":140,"href":"http:\/\/www.martin-properties.com\/microsite\/propiedades\/en\/wp-json\/wp\/v2\/pages\/16\/revisions\/140"}],"wp:featuredmedia":[{"embeddable":true,"href":"http:\/\/www.martin-properties.com\/microsite\/propiedades\/en\/wp-json\/wp\/v2\/media\/87"}],"wp:attachment":[{"href":"http:\/\/www.martin-properties.com\/microsite\/propiedades\/en\/wp-json\/wp\/v2\/media?parent=16"}],"curies":[{"name":"wp","href":"https:\/\/api.w.org\/{rel}","templated":true}]}}